{"id":419,"date":"2024-02-09T19:01:16","date_gmt":"2024-02-09T19:01:16","guid":{"rendered":"https:\/\/tradingecom.com\/?page_id=419"},"modified":"2024-02-14T18:01:31","modified_gmt":"2024-02-14T18:01:31","slug":"privacy-policy","status":"publish","type":"page","link":"https:\/\/tradingecom.com\/es\/politica-de-privacidad\/","title":{"rendered":"Pol\u00edtica de privacidad"},"content":{"rendered":"<div data-elementor-type=\"wp-page\" data-elementor-id=\"419\" class=\"elementor elementor-419\" data-elementor-post-type=\"page\">\n\t\t\t\t<div class=\"elementor-element elementor-element-328748a e-flex e-con-boxed e-con e-parent\" data-id=\"328748a\" data-element_type=\"container\">\n\t\t\t\t\t<div class=\"e-con-inner\">\n\t\t\t\t<div class=\"elementor-element elementor-element-e2faa59 elementor-widget elementor-widget-text-editor\" data-id=\"e2faa59\" data-element_type=\"widget\" data-widget_type=\"text-editor.default\">\n\t\t\t\t<div class=\"elementor-widget-container\">\n\t\t\t\t\t\t\t<p>Pol\u00edtica de privacidad<\/p><p>\u00daltima actualizaci\u00f3n: 30 de enero de 2024<\/p><p>TRADING &amp; ECOMMERCE est\u00e1 100% comprometido a proteger su privacidad. Esta pol\u00edtica de privacidad le informa sobre nuestra recopilaci\u00f3n y uso de datos en l\u00ednea. Los t\u00e9rminos de esta pol\u00edtica se aplican a todos los sitios web de COMERCIO ELECTR\u00d3NICO y COMERCIO a menos que se especifiquen t\u00e9rminos diferentes en un formulario o contrato que se le proporcione en l\u00ednea o fuera de l\u00ednea.<\/p><p>Al utilizar este sitio, usted comprende y acepta los t\u00e9rminos de esta pol\u00edtica. Este sitio es propiedad de TRADING &amp; ECOMMERCE y se puede acceder a \u00e9l en Singapur y en el extranjero.<\/p><p>A efectos de protecci\u00f3n de datos, TRADING &amp; ECOMMERCE es el responsable del tratamiento y, salvo que se indique lo contrario, tambi\u00e9n es el encargado del tratamiento. La informaci\u00f3n recopilada puede conservarse, almacenarse, procesarse, accederse y utilizarse en jurisdicciones cuyas leyes de privacidad pueden ser diferentes y menos protectoras que las de su jurisdicci\u00f3n de origen.<\/p><p>1. RECOPILACI\u00d3N DE SU INFORMACI\u00d3N PERSONAL<\/p><p>TRADING &amp; ECOMMERCE recopila cierta informaci\u00f3n, como el sitio web que lo remiti\u00f3 a nosotros, su direcci\u00f3n IP, tipo e idioma de navegador y tiempos de acceso. Tambi\u00e9n podemos recopilar informaci\u00f3n de navegaci\u00f3n, incluida informaci\u00f3n sobre las p\u00e1ginas que visita, los enlaces en los que hace clic y otras acciones tomadas en relaci\u00f3n con el sitio.<\/p><p>Podemos combinar su visita y la informaci\u00f3n de navegaci\u00f3n con la informaci\u00f3n personal que usted proporciona. Siempre puede optar por no proporcionar informaci\u00f3n personal, pero es posible que ciertos productos y servicios no est\u00e9n disponibles para usted si as\u00ed lo desea. Los datos personales (por ejemplo, su nombre de usuario y contrase\u00f1a, nombre, direcci\u00f3n postal, direcci\u00f3n de correo electr\u00f3nico y n\u00famero de tel\u00e9fono) se recopilan cuando se registra. Se recopila informaci\u00f3n personal adicional (por ejemplo, su n\u00famero de tarjeta de cr\u00e9dito y direcci\u00f3n de facturaci\u00f3n) para procesar transacciones o proporcionarle productos y servicios.<\/p><p>A veces se recopila informaci\u00f3n demogr\u00e1fica limitada, como la industria en la que trabaja o su ubicaci\u00f3n, que puede estar vinculada a su informaci\u00f3n personal.<\/p><p>2. USO DE SUS DATOS PERSONALES<\/p><p>TRADING &amp; ECOMMERCE recopila y utiliza su informaci\u00f3n personal para operar y mejorar nuestros sitios, procesar sus transacciones, brindar servicio al cliente, realizar investigaciones y an\u00e1lisis para mejorar nuestros productos, servicios y tecnolog\u00edas, y mostrar contenido personalizado para usted. Intereses y preferencias.<\/p><p>Tambi\u00e9n utilizamos su informaci\u00f3n personal para comunicarnos con usted. Podemos enviar comunicaciones relacionadas con transacciones, como cartas de bienvenida, recordatorios de facturaci\u00f3n y confirmaciones de compra.<\/p><p>Tambi\u00e9n podemos enviarle encuestas o correos electr\u00f3nicos de marketing para informarle sobre nuevos productos o servicios u otra informaci\u00f3n que pueda ser de su inter\u00e9s. Si no desea recibir correos electr\u00f3nicos de marketing, puede ajustar sus \u201cPreferencias de informaci\u00f3n personal\u201d como se describe a continuaci\u00f3n o seguir las instrucciones para cancelar la suscripci\u00f3n incluidas en cada comunicaci\u00f3n por correo electr\u00f3nico.<\/p><p>La informaci\u00f3n personal recopilada por TRADING &amp; ECOMMERCE puede almacenarse y procesarse en Singapur o en cualquier otro pa\u00eds donde TRADING &amp; ECOMMERCE o sus afiliados, subsidiarias, contratistas o agentes tengan instalaciones. Al utilizar nuestros sitios o servicios, usted acepta dicha transferencia de informaci\u00f3n fuera de su pa\u00eds.<\/p><p>3. COMPARTIR SU INFORMACI\u00d3N PERSONAL<\/p><p>Podemos compartir su informaci\u00f3n personal dentro de nuestro grupo corporativo, incluidas nuestras subsidiarias y divisiones, todas las cuales pueden usar sus datos para los fines descritos en este documento.<\/p><p>Podemos compartir su informaci\u00f3n personal con proveedores de servicios que brindan servicios en nuestro nombre. Por ejemplo, podemos contratar a otras empresas para que se encarguen del procesamiento de pagos, proporcionen almacenamiento de datos, alojen sitios web, cumplan con pedidos y env\u00edos, ayuden en el marketing directo, realicen auditor\u00edas, etc. A estas empresas se les permitir\u00e1 obtener solo la informaci\u00f3n personal que necesitan proporcionar. el servicio. Estos servicios son necesarios para mantener la confidencialidad y no podr\u00e1n utilizar los datos para ning\u00fan otro fin.<\/p><p>La informaci\u00f3n sobre nuestros clientes, incluida la informaci\u00f3n personal, puede ser divulgada como parte de cualquier fusi\u00f3n, adquisici\u00f3n o venta de la empresa y\/o sus activos, as\u00ed como en el caso improbable de insolvencia, quiebra o administraci\u00f3n judicial, en la que se puedan revelar datos personales. La informaci\u00f3n se transferir\u00eda como uno de los activos comerciales de la empresa. Le notificaremos sobre tales sucesos como se describe en la secci\u00f3n \"Cambios a esta Pol\u00edtica de Privacidad\" a continuaci\u00f3n.<\/p><p>Nos reservamos el derecho de revelar su informaci\u00f3n personal si lo exige la ley o si creemos de buena fe que dicha acci\u00f3n es razonablemente necesaria para cumplir con el proceso legal, responder a reclamos o proteger los derechos, la propiedad o la seguridad de nuestra empresa. empleados, clientes o el p\u00fablico<\/p><p>4. ACCESO A SU INFORMACI\u00d3N PERSONAL<\/p><p>Si desea revisar o modificar la informaci\u00f3n que nos proporcion\u00f3 anteriormente, puede acceder a su informaci\u00f3n en la secci\u00f3n \"Mi cuenta\". Nuestro departamento de atenci\u00f3n al cliente tambi\u00e9n puede ayudarle a realizar cambios y ejercer su derecho a la eliminaci\u00f3n de sus datos.<\/p><p>Puede esperar una respuesta nuestra en un plazo de diez (10) d\u00edas naturales. Tenga en cuenta que no puede cambiar su nombre de usuario sin volver a registrar el correo electr\u00f3nico de cambio en el correo electr\u00f3nico de TRADING &amp; ECOMMERCE.<\/p><p>5. PREFERENCIAS DE INFORMACI\u00d3N PERSONAL<\/p><p>TRADING &amp; ECOMMERCE respeta su derecho a tomar decisiones sobre el uso y divulgaci\u00f3n de su informaci\u00f3n personal. Si en alg\u00fan momento decide que no desea recibir correos electr\u00f3nicos de marketing de nuestra parte, inf\u00f3rmenos (1) marcando o desmarcando la casilla correspondiente en su formulario de registro en l\u00ednea o en la p\u00e1gina \"Mi perfil\" del sitio web; (2) contactar al Servicio de Atenci\u00f3n al Cliente; o (3) enviando un correo electr\u00f3nico a info@tradingecom.com, cambie el correo electr\u00f3nico.<\/p><p>Si elige no recibir correos electr\u00f3nicos de marketing, tenga en cuenta que puede continuar recibiendo correos electr\u00f3nicos de transacciones o de cuentas (por ejemplo, confirmaciones de compras y estados de cuenta).<\/p><p>6. COOKIES Y OTRAS TECNOLOG\u00cdAS<\/p><p>TRADING &amp; ECOMMERCE utiliza cookies para iniciar sesi\u00f3n en nuestros servicios y ayudarlo a personalizar y mejorar su experiencia en l\u00ednea. Una cookie es un peque\u00f1o archivo de texto que se coloca en su disco duro o dispositivo. Las cookies contienen informaci\u00f3n, incluida informaci\u00f3n personal, que un servidor web puede leer en el dominio que emiti\u00f3 la cookie.<\/p><p>La informaci\u00f3n que recopilan las cookies incluye la fecha y hora de su visita, informaci\u00f3n de registro, navegaci\u00f3n e historial de compras.<\/p><p>7. LAS COOKIES LE OFRECEN MUCHAS VENTAJAS:<\/p><p>Nos permiten identificar a los usuarios registrados cuando regresan al sitio para que puedan recuperar resultados de b\u00fasqueda de im\u00e1genes anteriores, acceder a Lightboxes y carritos de compras, y ver sus facturas anteriores.<\/p><p>Las cookies le permiten ahorrar tiempo al eliminar la necesidad de ingresar la misma informaci\u00f3n repetidamente.<\/p><p>Las cookies nos permiten ofrecerle contenido personalizado, incluidos resultados de b\u00fasqueda y publicidad dirigida.<\/p><p>Las cookies ayudan a proteger su seguridad al verificar sus datos de inicio de sesi\u00f3n y pueden ayudar a prevenir el fraude.<\/p><p>Las cookies le recuerdan sus preferencias al utilizar el sitio.<\/p><p>Las cookies tambi\u00e9n identifican a clientes individuales si dichos clientes desean asistencia de un representante de servicio al cliente en l\u00ednea y en vivo.<\/p><p>Nos esforzamos por hacer que este sitio sea f\u00e1cil de usar y relevante. Nuestro objetivo es ofrecerle productos y\/o servicios m\u00e1s personalizados.<\/p><p>Para este prop\u00f3sito, TRADING &amp; ECOMMERCE tambi\u00e9n trabaja con socios externos, que utilizan cookies en nuestro sitio para:<\/p><p>Medir y analizar el uso agregado y la informaci\u00f3n estad\u00edstica del volumen de nuestros usuarios en nuestro sitio web. Los datos recopilados pueden incluir, entre otros: la actividad del navegador del usuario cuando visita el sitio, la ruta del sitio del usuario, informaci\u00f3n general sobre el proveedor de servicios de Internet y el host del visitante, y la hora a la que los usuarios llegan al sitio. Lugar.<\/p><p>Recordar la b\u00fasqueda previa de productos y servicios de nuestros usuarios y mostrar el contenido m\u00e1s relevante de forma din\u00e1mica.<\/p><p>Registre el comportamiento del usuario en nuestro sitio, como las p\u00e1ginas visitadas, los correos electr\u00f3nicos en los que se hizo clic, los formularios completados y los productos y servicios adquiridos para crear anuncios y comunicaciones personalizados que mejor satisfagan sus necesidades.<\/p><p>Evaluar el tr\u00e1fico y el comportamiento de los usuarios en el sitio para compilar informes de actividad para nuestro uso interno \u00fanicamente.<\/p><p>Realizar investigaciones y diagn\u00f3sticos para mejorar nuestros productos.<\/p><p>Identificar a los usuarios que llegan al sitio a trav\u00e9s de una referencia de un sitio web afiliado o un enlace patrocinado.<\/p><p>Esta pol\u00edtica de privacidad cubre el uso de cookies por parte de TRADING &amp; ECOMMERCE \u00fanicamente y no cubre el uso de cookies por parte de terceros.<\/p><p>Adem\u00e1s de las cookies, podemos utilizar otras tecnolog\u00edas, incluidos gifs de un solo p\u00edxel (tambi\u00e9n conocidos como balizas web) en nuestros sitios web y en mensajes de correo electr\u00f3nico promocionales o boletines informativos. Estas peque\u00f1as im\u00e1genes electr\u00f3nicas nos ayudan a determinar cu\u00e1ntos usuarios han visitado determinadas p\u00e1ginas o han abierto notificaciones o boletines. No utilizamos estos gifs de un solo p\u00edxel para recopilar informaci\u00f3n personal.<\/p><p>Puedes aceptar o rechazar las cookies. La mayor\u00eda de los navegadores de Internet aceptan cookies autom\u00e1ticamente, pero normalmente puede modificar la configuraci\u00f3n de su navegador para rechazarlas si lo prefiere. Tenga en cuenta que el sitio est\u00e1 dise\u00f1ado de manera \u00f3ptima para funcionar con las cookies habilitadas en su navegador de Internet.<\/p><p>Si elige rechazar las cookies, es posible que no pueda iniciar sesi\u00f3n ni utilizar otras funciones interactivas de nuestros sitios y servicios que dependen de las cookies. Esto puede afectar negativamente su experiencia en el sitio web.<\/p><p>8. SEGURIDAD DE LA INFORMACI\u00d3N PERSONAL<\/p><p>La seguridad de su informaci\u00f3n personal es importante para nosotros. Seguimos los est\u00e1ndares industriales generalmente aceptados para ayudar a proteger su informaci\u00f3n personal. Cuando incorporamos informaci\u00f3n sensible (datos de tarjetas de cr\u00e9dito) sobre nuestros formularios de registro o pedido, encriptamos esa informaci\u00f3n asegurando la tecnolog\u00eda de capa de conexi\u00f3n (SSL). Sin embargo, ning\u00fan m\u00e9todo de transmisi\u00f3n a trav\u00e9s de Internet o m\u00e9todo de almacenamiento electr\u00f3nico es 100% seguro. Por lo tanto, aunque nos esforzamos por utilizar medios comercialmente aceptables para proteger su informaci\u00f3n personal, no podemos garantizar su seguridad absoluta.<\/p><p>Si utiliza una contrase\u00f1a para ayudar a proteger sus cuentas e informaci\u00f3n personal, es su responsabilidad mantener la contrase\u00f1a confidencial.<\/p><p>9. REFERENCIAS POR CORREO ELECTR\u00d3NICO<\/p><p>Si decide utilizar nuestros servicios de referencia por correo electr\u00f3nico para contarle a un amigo sobre nuestros productos y\/o servicios, le pediremos el nombre y la direcci\u00f3n de correo electr\u00f3nico de su amigo. Usaremos esa informaci\u00f3n para enviarle a su amigo un correo electr\u00f3nico \u00fanico invit\u00e1ndolo a visitar el sitio y revisar el producto y\/o servicio que ha seleccionado. Podemos utilizar un proveedor externo para administrar esta funci\u00f3n, pero ese proveedor externo solo puede usar la informaci\u00f3n enviada para facilitar este correo electr\u00f3nico \u00fanico. Ni TRADING &amp; ECOMMERCE ni ning\u00fan proveedor externo almacena esta informaci\u00f3n despu\u00e9s de enviar el correo electr\u00f3nico.<\/p><p>10. MINOR\u00cdA DE EDAD<\/p><p>No tenemos la intenci\u00f3n de solicitar ni recopilar informaci\u00f3n personal de ninguna persona menor de 18 a\u00f1os. Si es menor de 18 a\u00f1os, no debe usar ni ingresar informaci\u00f3n en este sitio.<\/p><p>11. Enlaces<\/p><p>Podemos vincularnos a sitios web, incluidos los de nuestros proveedores de contenido externos, que tienen pol\u00edticas y pr\u00e1cticas de privacidad distintas a las aqu\u00ed divulgadas. No asumimos ninguna responsabilidad por las pol\u00edticas o procedimientos de dichos sitios vinculados y le recomendamos que se familiarice con ellos antes de utilizarlos.<\/p><p>12. CAMBIOS EN ESTA POL\u00cdTICA DE PRIVACIDAD<\/p><p>Nos reservamos el derecho de cambiar esta pol\u00edtica de privacidad en cualquier momento. Cuando realicemos cambios, revisaremos la fecha de \"\u00faltima actualizaci\u00f3n\" en la parte superior de la pol\u00edtica. Supongamos que hay cambios sustanciales en esta declaraci\u00f3n o en c\u00f3mo TRADING &amp; ECOMMERCE utilizar\u00e1 su informaci\u00f3n personal. En ese caso, se lo notificaremos publicando un aviso de dichos cambios aqu\u00ed o en nuestra p\u00e1gina de inicio o envi\u00e1ndole un correo electr\u00f3nico. Le recomendamos que revise esta pol\u00edtica cada vez que visite uno de nuestros sitios.<\/p><p>Contacto<\/p><p>Direcci\u00f3n: 1 North Bridge Road, #18-06, High Street Centre Singapur (179094)<\/p><p>Correo electr\u00f3nico: info@tradingecom.com<\/p><p>Tel\u00e9fono: +1-888-621-2081<\/p>\t\t\t\t\t\t<\/div>\n\t\t\t\t<\/div>\n\t\t\t\t\t<\/div>\n\t\t\t\t<\/div>\n\t\t\t\t<\/div>","protected":false},"excerpt":{"rendered":"<p>Privacy Policy Last updated: January 30th, 2024 TRADING &amp; ECOMMERCE is 100% committed to protecting your privacy. This privacy policy tells you about our online collection and use of data. The terms of this policy apply to all TRADING &amp; ECOMMERCE websites unless different terms are specified in a form or contract provided to you [&hellip;]<\/p>","protected":false},"author":4,"featured_media":0,"parent":0,"menu_order":0,"comment_status":"closed","ping_status":"closed","template":"","meta":{"footnotes":""},"class_list":["post-419","page","type-page","status-publish","hentry"],"_links":{"self":[{"href":"https:\/\/tradingecom.com\/es\/wp-json\/wp\/v2\/pages\/419","targetHints":{"allow":["GET"]}}],"collection":[{"href":"https:\/\/tradingecom.com\/es\/wp-json\/wp\/v2\/pages"}],"about":[{"href":"https:\/\/tradingecom.com\/es\/wp-json\/wp\/v2\/types\/page"}],"author":[{"embeddable":true,"href":"https:\/\/tradingecom.com\/es\/wp-json\/wp\/v2\/users\/4"}],"replies":[{"embeddable":true,"href":"https:\/\/tradingecom.com\/es\/wp-json\/wp\/v2\/comments?post=419"}],"version-history":[{"count":13,"href":"https:\/\/tradingecom.com\/es\/wp-json\/wp\/v2\/pages\/419\/revisions"}],"predecessor-version":[{"id":663,"href":"https:\/\/tradingecom.com\/es\/wp-json\/wp\/v2\/pages\/419\/revisions\/663"}],"wp:attachment":[{"href":"https:\/\/tradingecom.com\/es\/wp-json\/wp\/v2\/media?parent=419"}],"curies":[{"name":"wp","href":"https:\/\/api.w.org\/{rel}","templated":true}]}}