{"id":425,"date":"2024-02-09T19:09:02","date_gmt":"2024-02-09T19:09:02","guid":{"rendered":"https:\/\/tradingecom.com\/?page_id=425"},"modified":"2024-02-14T17:48:14","modified_gmt":"2024-02-14T17:48:14","slug":"terms-of-service","status":"publish","type":"page","link":"https:\/\/tradingecom.com\/es\/terminos-y-condiciones\/","title":{"rendered":"T\u00e9rminos y Condiciones"},"content":{"rendered":"<div data-elementor-type=\"wp-page\" data-elementor-id=\"425\" class=\"elementor elementor-425\" data-elementor-post-type=\"page\">\n\t\t\t\t<div class=\"elementor-element elementor-element-d8af314 e-flex e-con-boxed e-con e-parent\" data-id=\"d8af314\" data-element_type=\"container\">\n\t\t\t\t\t<div class=\"e-con-inner\">\n\t\t\t\t<div class=\"elementor-element elementor-element-4c055ed elementor-widget elementor-widget-text-editor\" data-id=\"4c055ed\" data-element_type=\"widget\" data-widget_type=\"text-editor.default\">\n\t\t\t\t<div class=\"elementor-widget-container\">\n\t\t\t\t\t\t\t<p>T\u00e9rminos y Condiciones<\/p><p>\u00daltima actualizaci\u00f3n: 30 de enero de 2024<\/p><p>Lea atentamente estas condiciones de servicio. Al acceder o utilizar cualquier sitio web o aplicaci\u00f3n m\u00f3vil de TRADING &amp; ECOMMERCE (o cualquier contenido, producto, servicio o funci\u00f3n disponible a trav\u00e9s del sitio web o aplicaci\u00f3n m\u00f3vil, incluyendo el visor integrado) (colectivamente, el \"Sitio\"), usted acepta cumplir y estar obligado por los t\u00e9rminos aqu\u00ed descritos y todos los t\u00e9rminos, pol\u00edticas y directrices incorporados por referencia, as\u00ed como cualquier t\u00e9rmino y restricci\u00f3n adicional presentados en relaci\u00f3n con el contenido espec\u00edfico o un producto, servicio o funci\u00f3n en particular (colectivamente, los \"T\u00e9rminos del Sitio\"). Si no est\u00e1 de acuerdo con todos estos t\u00e9rminos, no utilice el Sitio.<\/p><p>Estas Condiciones del Sitio no pretenden alterar los t\u00e9rminos o condiciones de cualquier acuerdo de licencia de contenido que usted pueda tener con \"TRADING &amp; ECOMMERCE\", sus subsidiarias o afiliadas. En caso de conflicto, prevalecer\u00e1n los t\u00e9rminos de su acuerdo de licencia de contenidos. Al utilizar el Sitio, usted declara y garantiza que tiene 18 a\u00f1os de edad o m\u00e1s y que puede aceptar legalmente estos T\u00e9rminos del Sitio. Supongamos que utiliza el Sitio en nombre de una entidad. En ese caso, tambi\u00e9n declara y garantiza que est\u00e1 autorizado a aceptar estas Condiciones del sitio en nombre de dicha entidad. Dicha entidad se compromete a indemnizar a TRADING &amp; ECOMMERCE por las violaciones de estos T\u00e9rminos del Sitio.<\/p><p>1. POL\u00cdTICA DE PRIVACIDAD<\/p><p>TRADING &amp; ECOMMERCE se compromete a proteger su privacidad. Consulte nuestra Pol\u00edtica de privacidad para obtener informaci\u00f3n sobre c\u00f3mo recopilamos, utilizamos y divulgamos la informaci\u00f3n personal.<\/p><p>2. PROPIEDAD DEL SITIO Y DE SU CONTENIDO<\/p><p>TRADING &amp; ECOMMERCE Salvo que se indique lo contrario es propietario del Sitio, todo el contenido que aparece o se muestra en el Sitio, incluyendo, pero no limitado a, texto, gr\u00e1ficos, datos, im\u00e1genes fotogr\u00e1ficas, im\u00e1genes en movimiento, sonido, ilustraciones, software, y la selecci\u00f3n y disposici\u00f3n de los mismos (\"Contenido de TRADING &amp; ECOMMERCE\"), es propiedad de TRADING &amp; ECOMMERCE, sus licenciantes, o sus socios de imagen de terceros. Todos los elementos del Sitio, incluyendo el Contenido de TRADING &amp; ECOMMERCE, est\u00e1n protegidos por derechos de autor, imagen comercial, derechos morales, marca registrada y otras leyes relacionadas con la protecci\u00f3n de la propiedad intelectual.<\/p><p>3. USO DEL SITIO<\/p><p>TRADING &amp; ECOMMERCE Salvo que se indique lo contrario es propietario del Sitio, todo el contenido que aparece o se muestra en el Sitio, incluyendo, pero no limitado a, texto, gr\u00e1ficos, datos, im\u00e1genes fotogr\u00e1ficas, im\u00e1genes en movimiento, sonido, ilustraciones, software, y la selecci\u00f3n y disposici\u00f3n de los mismos (\"Contenido de TRADING &amp; ECOMMERCE\"), es propiedad de TRADING &amp; ECOMMERCE, sus licenciantes, o sus socios de imagen de terceros. Todos los elementos del Sitio, incluyendo el Contenido de TRADING &amp; ECOMMERCE, est\u00e1n protegidos por derechos de autor, imagen comercial, derechos morales, marca registrada y otras leyes relacionadas con la protecci\u00f3n de la propiedad intelectual.<\/p><p>4. POL\u00cdTICA DE INFRACCI\u00d3N DE LOS DERECHOS DE AUTOR<\/p><p>Siguiendo la Ley de Propiedad Intelectual vigente y otras leyes aplicables, TRADING &amp; ECOMMERCE ha adoptado una pol\u00edtica de cancelaci\u00f3n, en las circunstancias apropiadas y a la entera discreci\u00f3n de TRADING &amp; ECOMMERCE. A aquellos titulares de cuentas que infrinjan los derechos de propiedad intelectual de TRADING &amp; ECOMMERCE o de terceros.<\/p><p>5. RECLAMACIONES DE DERECHOS DE AUTOR<\/p><p>Si cree que alg\u00fan material del Sitio infringe alg\u00fan derecho de autor que posee o controla, puede presentar una notificaci\u00f3n de dicha infracci\u00f3n a nuestro equipo de Atenci\u00f3n al Cliente en el correo electr\u00f3nico info@tradingecom.com.<\/p><p>6. MARCAS<\/p><p>Las Marcas Registradas de TRADING &amp; ECOMMERCE, el logotipo de TRADING &amp; ECOMMERCE y cualesquiera otros nombres de productos o servicios o esl\u00f3ganes contenidos en el Sitio son marcas registradas de TRADING &amp; ECOMMERCE y de sus proveedores o licenciantes. No pueden ser copiados, imitados o utilizados, en todo o en parte, sin el permiso previo por escrito de TRADING &amp; ECOMMERCE o del titular de la marca aplicable. Usted no puede utilizar metatags o cualquier otro \"texto oculto\" utilizando \"TRADING &amp; ECOMMERCE\" o cualquier otro nombre, marca o producto, o nombre de servicio de TRADING &amp; ECOMMERCE sin nuestro permiso previo por escrito. Adem\u00e1s, la \"apariencia\" del Sitio, incluyendo todos los encabezados de p\u00e1gina, gr\u00e1ficos personalizados, iconos de botones y scripts, es la marca de servicio, marca registrada y\/o imagen comercial de TRADING &amp; ECOMMERCE y no puede ser copiada, imitada o utilizada, en todo o en parte, sin nuestro permiso previo por escrito. Todas las dem\u00e1s marcas comerciales, marcas registradas, nombres de productos y nombres de empresas o logotipos mencionados en el sitio son propiedad de sus respectivos due\u00f1os. La referencia a cualquier producto, servicio, proceso u otra informaci\u00f3n, por su nombre comercial, marca registrada, fabricante y proveedor o de otro modo, no constituye ni implica aprobaci\u00f3n, patrocinio o recomendaci\u00f3n de los mismos por nuestra parte.<\/p><p>7. ENLACES<\/p><p>Usted no puede utilizar un logotipo de TRADING &amp; ECOMMERCE u otro gr\u00e1fico propiedad de TRADING &amp; ECOMMERCE para enlazar con el Sitio sin el consentimiento expreso por escrito de TRADING &amp; ECOMMERCE. Asimismo, no podr\u00e1 enmarcar ninguna marca comercial, logotipo u otra informaci\u00f3n de propiedad, incluyendo el contenido de TRADING &amp; ECOMMERCE, sin el consentimiento expreso y por escrito de TRADING &amp; ECOMMERCE.<\/p><p>TRADING &amp; ECOMMERCE no hace ninguna afirmaci\u00f3n o representaci\u00f3n con respecto a, y no acepta ninguna responsabilidad por, directa o indirectamente, la calidad, contenido, naturaleza o fiabilidad de los sitios web de terceros accesibles por hiperv\u00ednculo desde el Sitio o sitios web que enlazan con el Sitio. Tales sitios no est\u00e1n bajo el control de TRADING &amp; ECOMMERCE, y TRADING &amp; ECOMMERCE no es responsable de los contenidos de ning\u00fan sitio enlazado ni de ning\u00fan enlace contenido en un sitio enlazado ni de ninguna revisi\u00f3n, cambio o actualizaci\u00f3n de tales sitios. TRADING &amp; ECOMMERCE le proporciona estos enlaces s\u00f3lo para su comodidad, y la inclusi\u00f3n de cualquier enlace no implica afiliaci\u00f3n, aprobaci\u00f3n o adopci\u00f3n por parte de TRADING &amp; ECOMMERCE de cualquier sitio o cualquier informaci\u00f3n contenida en el mismo. Cuando abandone el sitio, debe ser consciente de que nuestros t\u00e9rminos y pol\u00edticas ya no son aplicables. Usted debe revisar los t\u00e9rminos y pol\u00edticas aplicables, incluyendo las pr\u00e1cticas de privacidad y recolecci\u00f3n de datos, de cualquier sitio al que navegue desde el Sitio.<\/p><p>Su participaci\u00f3n, correspondencia o tratos comerciales con cualquier tercero encontrado en o a trav\u00e9s del Sitio, en relaci\u00f3n con el pago y la entrega de bienes o servicios relacionados, y cualesquiera otros t\u00e9rminos, condiciones, garant\u00edas o representaciones asociadas con dichos tratos, son exclusivamente entre usted y dicho tercero. Usted acepta que TRADING &amp; ECOMMERCE no ser\u00e1 responsable de ninguna p\u00e9rdida, da\u00f1o u otros asuntos de cualquier tipo incurridos como resultado de dichos tratos.<\/p><p>8. VISOR INTEGRADO<\/p><p>Cuando est\u00e1 habilitado, usted puede incrustar el Contenido de TRADING &amp; ECOMMERCE en un sitio web, blog o plataforma de medios sociales utilizando el visor incrustado (el \"Visor Incrustado\"). No todo el Contenido de TRADING &amp; ECOMMERCE estar\u00e1 disponible para su uso incrustado, y la disponibilidad puede cambiar sin previo aviso. TRADING &amp; ECOMMERCE se reserva el derecho, a su sola discreci\u00f3n, de retirar el Contenido de TRADING &amp; ECOMMERCE del Visor Integrado. Si se le solicita, usted se compromete a tomar medidas inmediatas para dejar de utilizar el Visor Integrado y\/o los Contenidos de TRADING &amp; ECOMMERCE. Usted s\u00f3lo podr\u00e1 utilizar los Contenidos de TRADING &amp; ECOMMERCE con fines editoriales (es decir, relacionados con hechos noticiables o de inter\u00e9s p\u00fablico). Usted no puede utilizar el Contenido Integrado de TRADING &amp; ECOMMERCE: (a) para cualquier prop\u00f3sito comercial (por ejemplo, en publicidad, promociones o merchandising) o para sugerir respaldo o patrocinio; (b) en violaci\u00f3n de cualquier restricci\u00f3n establecida; (c) de manera difamatoria, pornogr\u00e1fica o ilegal; o (d) fuera del contexto del Visor Integrado.<\/p><p>TRADING &amp; ECOMMERCE (o terceros que act\u00faen en su nombre) podr\u00e1 recopilar datos relacionados con el uso que usted haga del Visor Integrado y de los Contenidos de TRADING &amp; ECOMMERCE incrustados y se reserva el derecho a colocar anuncios en el Visor Integrado o a monetizar de cualquier otra forma su servicio sin compensaci\u00f3n alguna para usted.<\/p><p>9. COMENTARIOS, OPINIONES Y OTRAS APORTACIONES DE LOS USUARIOS<\/p><p>Supongamos que, a petici\u00f3n nuestra, nos env\u00eda determinadas propuestas espec\u00edficas (por ejemplo, participaciones en concursos) o que, sin recomendaci\u00f3n por nuestra parte, nos env\u00eda ideas creativas, sugerencias, propuestas, planes u otros materiales, ya sea en l\u00ednea, por correo electr\u00f3nico, por correo postal o de otro modo (colectivamente, \"Feedback\"). En tal caso, usted acepta que podamos, en cualquier momento y sin restricci\u00f3n alguna, editar, copiar, publicar, distribuir, traducir y utilizar de cualquier otro modo y en cualquier medio los comentarios que nos env\u00ede. No estamos ni estaremos obligados (1) a mantener la confidencialidad de ning\u00fan Comentario; (2) a pagar una compensaci\u00f3n por ning\u00fan Comentario; ni (3) a responder a ning\u00fan Comentario.<\/p><p>Podemos, aunque no estamos obligados a ello, supervisar, editar o eliminar contenidos que, a nuestra entera discreci\u00f3n, consideremos ilegales, ofensivos, amenazadores, difamatorios, calumniosos, pornogr\u00e1ficos, obscenos, censurables o que violen la propiedad intelectual de cualquiera de las partes o estas Condiciones de servicio.<\/p><p>Usted acepta que sus comentarios no violar\u00e1n los derechos de terceros, incluidos los derechos de autor, marca registrada, privacidad, personalidad u otros derechos personales o de propiedad. Asimismo, acepta que sus comentarios no contendr\u00e1n material difamatorio o de otro modo ilegal, abusivo u obsceno, ni contendr\u00e1n virus inform\u00e1ticos u otros programas maliciosos que puedan afectar de alg\u00fan modo al funcionamiento del Servicio o de cualquier sitio web relacionado. No podr\u00e1 utilizar una direcci\u00f3n de correo electr\u00f3nico falsa, hacerse pasar por otra persona que no sea usted, ni inducirnos a error a nosotros o a terceros sobre el origen de los comentarios. Usted es el \u00fanico responsable de los comentarios que haga y de su exactitud. No asumimos responsabilidad alguna por los comentarios que usted o terceros publiquen.<\/p><p>10. INFORMACI\u00d3N DE REGISTRO Y SEGURIDAD DE LA CUENTA<\/p><p>En consideraci\u00f3n a su uso del Sitio, usted se compromete a (a) proporcionar informaci\u00f3n exacta, actual y completa sobre usted, tal y como pueda ser solicitada por cualquier formulario de registro en el Sitio (\"Datos de Registro\"); (b) mantener y actualizar puntualmente los Datos de Registro, y cualquier otra informaci\u00f3n que usted proporcione a TRADING &amp; ECOMMERCE, para mantenerlos exactos, actuales y completos; (c) mantener la seguridad de su contrase\u00f1a e identificaci\u00f3n; (d) notificar inmediatamente a TRADING &amp; ECOMMERCE cualquier uso no autorizado de su cuenta o cualquier otra violaci\u00f3n de la seguridad; (e) aceptar plena responsabilidad por todas las actividades que ocurran bajo su cuenta; y (f) aceptar todos los riesgos de acceso no autorizado a los Datos de Registro y a cualquier otra informaci\u00f3n que usted proporcione a TRADING &amp; ECOMMERCE.<\/p><p>11. TARIFAS Y LIQUIDACI\u00d3N<\/p><p>Tarifas de servicios. En cuanto a las tarifas de los productos, se cobrar\u00e1n al Usuario las tarifas indicadas en la secci\u00f3n correspondiente, tal y como se ofrecen en el Sitio Web. Las Tarifas incluyen el impuesto sobre el valor a\u00f1adido seg\u00fan lo dispuesto por la legislaci\u00f3n aplicable en Singapur.<\/p><p>Asimismo, s\u00f3lo en la medida exigida por la legislaci\u00f3n aplicable en cada pa\u00eds, los Usuarios se comprometen a remitirnos los formularios fiscales debidamente cumplimentados para realizar todas las declaraciones necesarias ante las autoridades fiscales.<\/p><p>Modificaci\u00f3n de las Tarifas. Podremos modificar las Tarifas y\/o introducir nuevos cargos adem\u00e1s de las Tarifas a nuestra entera discreci\u00f3n previa notificaci\u00f3n por escrito al Usuario con treinta (30) d\u00edas de antelaci\u00f3n.<\/p><p>No obstante lo anterior, podremos aumentar las Comisiones de forma inmediata y con notificaci\u00f3n simult\u00e1nea.<\/p><p>Forma de pago. El precio de los productos se pagar\u00e1 por adelantado mediante tarjeta de cr\u00e9dito u otro m\u00e9todo de pago aceptado en el Sitio Web.<\/p><p>Embalaje - Todos los art\u00edculos se entregar\u00e1n en una bolsa organizada seg\u00fan corresponda.<\/p><p>Condiciones de Pago: Para el env\u00edo de cualquier producto, ser\u00e1 necesario cubrir el 100% del importe, incluyendo IVA y gastos de env\u00edo (16% IVA MX).<\/p><p>Formas de pago: Los pagos pueden realizarse mediante tarjeta de cr\u00e9dito o d\u00e9bito aceptada.<\/p><p>Tarjetas de cr\u00e9dito y d\u00e9bito - Aceptamos tarjetas de cr\u00e9dito Visa y MasterCard. Plazo de Entrega - El plazo de entrega ser\u00e1 de 04 a 14 d\u00edas h\u00e1biles, dependiendo del volumen de los pedidos. Este plazo empezar\u00e1 a contar a partir del d\u00eda h\u00e1bil siguiente a la realizaci\u00f3n del pedido.<\/p><p>No nos hacemos responsables de los retrasos imputables al cliente, ni de los cambios introducidos en las instrucciones iniciales.<\/p><p>No nos hacemos responsables de los retrasos en la entrega en caso de emergencias nacionales, cambios en la normativa gubernamental, cambios en la legislaci\u00f3n aduanera, restricciones comerciales, retrasos en los medios de transporte y desastres naturales. En ning\u00fan caso TRADING &amp; ECOMMERCE pagar\u00e1 penalizaciones por retrasos en las entregas.<\/p><p>Entregas en Singapur- Los precios de env\u00edo s\u00f3lo incluyen la entrega en Singapur.<\/p><p>Env\u00edos al extranjero e internacionales - Para los env\u00edos internacionales, el cliente debe facilitar las instrucciones de env\u00edo si existe una l\u00ednea de transporte concreta. Posteriormente, se indicar\u00e1 cu\u00e1nto debe pagar el cliente por el env\u00edo.<\/p><p>Supongamos que usted es un cliente situado en otro pa\u00eds. En ese caso, podemos enviar sus pedidos al d\u00eda siguiente de solicitar su mercanc\u00eda utilizando el m\u00e9todo de env\u00edo m\u00e1s adecuado para el transporte de su inventario. Los plazos de entrega de las empresas de transporte dependen de la ubicaci\u00f3n geogr\u00e1fica de cada cliente.<\/p><p>El coste del flete debe cubrirse en su totalidad para realizar el env\u00edo, excepto cuando se recoge. Los precios no incluyen los gastos de aduana de exportaci\u00f3n.<\/p><p>Informaci\u00f3n de entrega - El lugar y la fecha de entrega se determinar\u00e1n a partir de la Orden de Compra. Una vez aprobada, cualquier modificaci\u00f3n de esta informaci\u00f3n tendr\u00e1 un coste adicional. El lugar y la fecha incluidos en nuestro servicio son \u00fanicos. Si la entrega es a varios destinos deber\u00e1 indicarse desde la orden de compra, y el precio se desglosar\u00e1 por cada destino adicional.<\/p><p>12. INDEMNIZACI\u00d3N<\/p><p>Usted acepta defender, indemnizar y mantener indemne a TRADING &amp; ECOMMERCE, sus subsidiarias, afiliados, licenciantes, empleados, agentes, terceros proveedores de informaci\u00f3n y contratistas independientes contra cualquier reclamo, da\u00f1o, costo, responsabilidad y gasto (incluyendo, pero no limitado a, honorarios razonables de abogados) que surjan de o est\u00e9n relacionados con cualquier Contenido de Usuario que usted publique, su conducta, su uso o imposibilidad de uso del Sitio, su incumplimiento o presunto incumplimiento de los T\u00e9rminos del Sitio o de cualquier declaraci\u00f3n o garant\u00eda contenida en el mismo, su uso no autorizado del Contenido de TRADING &amp; ECOMMERCE, o su violaci\u00f3n de cualquier derecho de terceros.<\/p><p>13. DESCARGO DE RESPONSABILIDAD<\/p><p>EL SITIO, INCLUYENDO SIN LIMITACI\u00d3N EL VISOR INCRUSTADO Y EL CONTENIDO DE TRADING &amp; ECOMMERCE, SE PROPORCIONAN \"TAL CUAL\" Y TRADING &amp; ECOMMERCE Y SUS DIRECTORES, EMPLEADOS, PROVEEDORES DE CONTENIDO, AGENTES Y AFILIADOS EXCLUYEN, EN LA M\u00c1XIMA MEDIDA PERMITIDA POR LA LEY APLICABLE, TODAS LAS GARANT\u00cdAS, EXPRESAS O IMPL\u00cdCITAS, INCLUYENDO, SIN LIMITACI\u00d3N, LAS GARANT\u00cdAS IMPL\u00cdCITAS DE COMERCIABILIDAD, CALIDAD SATISFACTORIA O IDONEIDAD PARA UN PROP\u00d3SITO PARTICULAR. TRADING &amp; ECOMMERCE NO SE HACE RESPONSABLE DE LOS DA\u00d1OS Y PERJUICIOS DE CUALQUIER NATURALEZA DERIVADOS DEL USO DEL SITIO WEB O DE LOS CONTENIDOS DE TRADING &amp; ECOMMERCE, O DE LA FALTA DE DISPONIBILIDAD DE LOS MISMOS, INCLUYENDO, A T\u00cdTULO MERAMENTE ENUNCIATIVO Y NO LIMITATIVO, EL LUCRO CESANTE Y LOS DA\u00d1OS Y PERJUICIOS DIRECTOS, INDIRECTOS, ACCIDENTALES, PUNITIVOS Y CONSECUENTES. NO SE GARANTIZA QUE LAS FUNCIONES INCORPORADAS O LOS MATERIALES DE ESTE SITIO SEAN ININTERRUMPIDOS O EST\u00c9N LIBRES DE ERRORES. USTED, Y NO TRADING &amp; ECOMMERCE, ASUME EL COSTE TOTAL DE TODO SERVICIO, REPARACI\u00d3N O CORRECCI\u00d3N NECESARIOS DEBIDOS AL USO QUE USTED HAGA DE ESTE SITIO O DEL CONTENIDO DE TRADING &amp; ECOMMERCE. NO GARANTIZAMOS QUE EL SITIO O EL CONTENIDO DE TRADING &amp; ECOMMERCE EST\u00c9N LIBRES DE INFECCI\u00d3N POR VIRUS O CUALQUIER OTRA COSA QUE TENGA PROPIEDADES CONTAMINANTES O DESTRUCTIVAS.<\/p><p>TRADING &amp; ECOMMERCE ofrece una funci\u00f3n de b\u00fasqueda dentro del Sitio. TRADING &amp; ECOMMERCE declina expl\u00edcitamente cualquier responsabilidad por el contenido o disponibilidad de la informaci\u00f3n contenida en nuestro \u00edndice o directorio de b\u00fasqueda. TRADING &amp; ECOMMERCE tampoco se responsabiliza de la integridad o exactitud de cualquier directorio o resultado de b\u00fasqueda.<\/p><p>Algunos pa\u00edses no excluyen ni limitan las garant\u00edas impl\u00edcitas ni la responsabilidad por categor\u00edas espec\u00edficas de da\u00f1os. Por lo tanto, es posible que algunas o todas las limitaciones anteriores no le sean aplicables en la medida en que est\u00e9n prohibidas o sean sustituidas por disposiciones estatales o nacionales.<\/p><p>14. LIMITACI\u00d3N DE RESPONSABILIDAD<\/p><p>EN NING\u00daN CASO TRADING &amp; ECOMMERCE, SUS DIRECTORES, MIEMBROS, EMPLEADOS O AGENTES SER\u00c1N RESPONSABLES DE NING\u00daN DA\u00d1O DIRECTO, ESPECIAL, INDIRECTO O CONSECUENTE, O CUALQUIER OTRO DA\u00d1O DE CUALQUIER TIPO, INCLUYENDO PERO NO LIMITADO A LA P\u00c9RDIDA DE USO, P\u00c9RDIDA DE BENEFICIOS O P\u00c9RDIDA DE DATOS,<\/p><p>Las leyes de los Estados Unidos en el contrato, agravio (incluyendo pero no limitado a negligencia) o de otra manera, que surja de o en cualquier forma relacionada con el uso del sitio, los servicios, contenidos o materiales contenidos en o accesados a trav\u00e9s del sitio, INCLUYENDO SIN LIMITACI\u00d3N CUALQUIER DA\u00d1O CAUSADO POR O RESULTANTE DE LA CONFIANZA DEL USUARIO EN CUALQUIER INFORMACI\u00d3N OBTENIDA DE TRADING &amp; ECOMMERCE, O COMO RESULTADO DE ERRORES, OMISIONES, INTERRUPCIONES, ELIMINACI\u00d3N DE ARCHIVOS O CORREOS ELECTR\u00d3NICOS, ERRORES, DEFECTOS, VIRUS, RETRASOS EN LA OPERACI\u00d3N O TRANSMISI\u00d3N O CUALQUIER FALLO DE RENDIMIENTO, YA SEA O NO COMO RESULTADO DE ACTOS DE DIOS, FALLO DE COMUNICACIONES, ROBO, DESTRUCCI\u00d3N O ACCESO NO AUTORIZADO A LOS REGISTROS, PROGRAMAS O SERVICIOS DE TRADING &amp; ECOMMERCE. EN NING\u00daN CASO LA RESPONSABILIDAD TOTAL DE TRADING &amp; ECOMMERCE, YA SEA POR CONTRATO, GARANT\u00cdA, AGRAVIO (INCLUYENDO NEGLIGENCIA, YA SEA ACTIVA, PASIVA O IMPUTADA), RESPONSABILIDAD DEL PRODUCTO, RESPONSABILIDAD ESTRICTA, U OTRA TEOR\u00cdA, QUE SURJA DE O EN RELACI\u00d3N CON EL USO DEL SITIO WEB EXCEDER\u00c1 CUALQUIER COMPENSACI\u00d3N QUE USTED PAGUE, EN SU CASO, A TRADING &amp; ECOMMERCE POR EL ACCESO O USO DEL SITIO WEB.<\/p><p>15. DERECHO APLICABLE<\/p><p>Estas Condiciones del servicio y cualquier acuerdo independiente por el que le proporcionemos Servicios se regir\u00e1n e interpretar\u00e1n de conformidad con las leyes de Singapur.<\/p><p>16. TERMINACI\u00d3N<\/p><p>A pesar de cualquiera de estas Condiciones del Sitio, TRADING &amp; ECOMMERCE se reserva el derecho, sin previo aviso y a su entera discreci\u00f3n, de cancelar su cuenta y\/o bloquear su uso del Sitio.<\/p><p>17. DISPOSICIONES VARIAS<\/p><p>Cualquier renuncia a cualquier disposici\u00f3n de los T\u00e9rminos del Sitio s\u00f3lo ser\u00e1 efectiva si se realiza por escrito y est\u00e1 firmada por TRADING &amp; ECOMMERCE. Si alguna disposici\u00f3n de estos T\u00e9rminos del Sitio se considera inaplicable, en la medida de lo posible, esto no afectar\u00e1 a ninguna otra disposici\u00f3n, y cada una permanecer\u00e1 en pleno vigor y efecto. Quedan reservados todos los derechos no concedidos expresamente en el presente documento.<\/p><p>18. CAMBIOS EN LAS CONDICIONES DEL SITIO<\/p><p>TRADING &amp; ECOMMERCE se reserva el derecho de cambiar cualquiera de los t\u00e9rminos y condiciones contenidos en los T\u00e9rminos del Sitio o cualquier pol\u00edtica o directriz del Sitio, en cualquier momento y a su entera discreci\u00f3n. Cuando realicemos cambios, revisaremos la fecha de \"\u00faltima actualizaci\u00f3n\" en la parte superior de los T\u00e9rminos del Sitio. Cualquier cambio ser\u00e1 efectivo inmediatamente despu\u00e9s de su publicaci\u00f3n en el Sitio. Su uso continuado del Sitio tras la publicaci\u00f3n de los cambios constituir\u00e1 su aceptaci\u00f3n de los mismos. Le recomendamos que revise las Condiciones del sitio cada vez que visite uno de nuestros sitios web.<\/p><p>19. INFORMACI\u00d3N DE CONTACTO<\/p><p>Las preguntas sobre las Condiciones del servicio deben enviarse a info@tradingecom.com.<\/p><p>Contacto<\/p><p>Direcci\u00f3n: 1 North Bridge Road, #18-06, High Street Centre Singapur (179094)<\/p><p>Correo electr\u00f3nico: info@tradingecom.com<\/p><p>Tel\u00e9fono: +1-888-621-2081<\/p>\t\t\t\t\t\t<\/div>\n\t\t\t\t<\/div>\n\t\t\t\t\t<\/div>\n\t\t\t\t<\/div>\n\t\t\t\t<\/div>","protected":false},"excerpt":{"rendered":"<p>Terms of Service Last updated: January 30th, 2024 Please read these terms of service carefully. By accessing or using any TRADING &amp; ECOMMERCE web or mobile application (or any content, product, service, or feature available through the website or mobile application, including the embedded viewer) (collectively, the \u201cSite\u201d), you agree to comply with and be [&hellip;]<\/p>","protected":false},"author":4,"featured_media":0,"parent":0,"menu_order":0,"comment_status":"closed","ping_status":"closed","template":"","meta":{"footnotes":""},"class_list":["post-425","page","type-page","status-publish","hentry"],"_links":{"self":[{"href":"https:\/\/tradingecom.com\/es\/wp-json\/wp\/v2\/pages\/425","targetHints":{"allow":["GET"]}}],"collection":[{"href":"https:\/\/tradingecom.com\/es\/wp-json\/wp\/v2\/pages"}],"about":[{"href":"https:\/\/tradingecom.com\/es\/wp-json\/wp\/v2\/types\/page"}],"author":[{"embeddable":true,"href":"https:\/\/tradingecom.com\/es\/wp-json\/wp\/v2\/users\/4"}],"replies":[{"embeddable":true,"href":"https:\/\/tradingecom.com\/es\/wp-json\/wp\/v2\/comments?post=425"}],"version-history":[{"count":16,"href":"https:\/\/tradingecom.com\/es\/wp-json\/wp\/v2\/pages\/425\/revisions"}],"predecessor-version":[{"id":657,"href":"https:\/\/tradingecom.com\/es\/wp-json\/wp\/v2\/pages\/425\/revisions\/657"}],"wp:attachment":[{"href":"https:\/\/tradingecom.com\/es\/wp-json\/wp\/v2\/media?parent=425"}],"curies":[{"name":"wp","href":"https:\/\/api.w.org\/{rel}","templated":true}]}}